{"id":176,"date":"2026-01-24T10:09:08","date_gmt":"2026-01-24T09:09:08","guid":{"rendered":"https:\/\/lamoutonneriefr.wordpress.com\/?page_id=176"},"modified":"2026-02-27T11:34:42","modified_gmt":"2026-02-27T11:34:42","slug":"salle-de-seminaire","status":"publish","type":"page","link":"https:\/\/www.lamoutonnerie.fr\/index.php\/salle-de-seminaire\/","title":{"rendered":"Salle de s\u00e9minaire"},"content":{"rendered":"\n<div class=\"wp-block-cover alignwide\"><img loading=\"lazy\" decoding=\"async\" width=\"2048\" height=\"1536\" class=\"wp-block-cover__image-background wp-image-126\" alt=\"\" src=\"http:\/\/rotwgyk.cluster100.hosting.ovh.net\/wp-content\/uploads\/2026\/01\/bnb_image_229.jpeg?w=1024\" data-object-fit=\"cover\" srcset=\"https:\/\/www.lamoutonnerie.fr\/wp-content\/uploads\/2026\/01\/bnb_image_229.jpeg 2048w, https:\/\/www.lamoutonnerie.fr\/wp-content\/uploads\/2026\/01\/bnb_image_229-300x225.jpeg 300w, https:\/\/www.lamoutonnerie.fr\/wp-content\/uploads\/2026\/01\/bnb_image_229-1024x768.jpeg 1024w, https:\/\/www.lamoutonnerie.fr\/wp-content\/uploads\/2026\/01\/bnb_image_229-768x576.jpeg 768w, https:\/\/www.lamoutonnerie.fr\/wp-content\/uploads\/2026\/01\/bnb_image_229-1536x1152.jpeg 1536w\" sizes=\"auto, (max-width: 2048px) 100vw, 2048px\" \/><span aria-hidden=\"true\" class=\"wp-block-cover__background has-background-dim\"><\/span><div class=\"wp-block-cover__inner-container is-layout-flow wp-block-cover-is-layout-flow\">\n<h2 class=\"wp-block-heading\">La Moutonnerie &#8211; Bray &#8211; Sud Bourgogne<\/h2>\n\n\n\n<h5 class=\"wp-block-heading\">&nbsp;6 route de La Moutonnerie 71250 BRAY<\/h5>\n\n\n\n<p>Sur les hauteurs de Bray, b\u00e9n\u00e9ficiant d\u2019une vue panoramique superbe sur la vall\u00e9e du Clunisois, La Moutonnerie vous propose une salle id\u00e9ale pour des petits s\u00e9minaires d\u2019entreprise, stages de chant, yoga, \u2026, avec possibilit\u00e9 de couchages sur place.<\/p>\n<\/div><\/div>\n\n\n\n<h2 class=\"wp-block-heading\">Salle de s\u00e9minaire<\/h2>\n\n\n\n<p>Salle 30 m\u00e8tres carr\u00e9s, avec ou sans tables et chaises. Acc\u00e8s internet et wifi, vid\u00e9oprojecteur, \u00e9cran, paperboard.<\/p>\n\n\n\n<figure class=\"wp-block-gallery has-nested-images columns-4 is-cropped wp-block-gallery-1 is-layout-flex wp-block-gallery-is-layout-flex\">\n<figure class=\"wp-block-image size-large\"><img loading=\"lazy\" decoding=\"async\" width=\"2048\" height=\"1536\" data-id=\"19\" src=\"http:\/\/rotwgyk.cluster100.hosting.ovh.net\/wp-content\/uploads\/2026\/01\/bnb_image_21.jpeg?w=1024\" alt=\"\" class=\"wp-image-19\" srcset=\"https:\/\/www.lamoutonnerie.fr\/wp-content\/uploads\/2026\/01\/bnb_image_21.jpeg 2048w, https:\/\/www.lamoutonnerie.fr\/wp-content\/uploads\/2026\/01\/bnb_image_21-300x225.jpeg 300w, https:\/\/www.lamoutonnerie.fr\/wp-content\/uploads\/2026\/01\/bnb_image_21-1024x768.jpeg 1024w, https:\/\/www.lamoutonnerie.fr\/wp-content\/uploads\/2026\/01\/bnb_image_21-768x576.jpeg 768w, https:\/\/www.lamoutonnerie.fr\/wp-content\/uploads\/2026\/01\/bnb_image_21-1536x1152.jpeg 1536w\" sizes=\"auto, (max-width: 2048px) 100vw, 2048px\" \/><\/figure>\n\n\n\n<figure class=\"wp-block-image size-large\"><img loading=\"lazy\" decoding=\"async\" width=\"2048\" height=\"1536\" data-id=\"20\" src=\"http:\/\/rotwgyk.cluster100.hosting.ovh.net\/wp-content\/uploads\/2026\/01\/bnb_image_22.jpeg?w=1024\" alt=\"\" class=\"wp-image-20\" srcset=\"https:\/\/www.lamoutonnerie.fr\/wp-content\/uploads\/2026\/01\/bnb_image_22.jpeg 2048w, https:\/\/www.lamoutonnerie.fr\/wp-content\/uploads\/2026\/01\/bnb_image_22-300x225.jpeg 300w, https:\/\/www.lamoutonnerie.fr\/wp-content\/uploads\/2026\/01\/bnb_image_22-1024x768.jpeg 1024w, https:\/\/www.lamoutonnerie.fr\/wp-content\/uploads\/2026\/01\/bnb_image_22-768x576.jpeg 768w, https:\/\/www.lamoutonnerie.fr\/wp-content\/uploads\/2026\/01\/bnb_image_22-1536x1152.jpeg 1536w\" sizes=\"auto, (max-width: 2048px) 100vw, 2048px\" \/><\/figure>\n\n\n\n<figure class=\"wp-block-image size-large\"><img loading=\"lazy\" decoding=\"async\" width=\"2048\" height=\"1536\" data-id=\"30\" src=\"http:\/\/rotwgyk.cluster100.hosting.ovh.net\/wp-content\/uploads\/2026\/01\/bnb_image_34.jpeg?w=1024\" alt=\"\" class=\"wp-image-30\" srcset=\"https:\/\/www.lamoutonnerie.fr\/wp-content\/uploads\/2026\/01\/bnb_image_34.jpeg 2048w, https:\/\/www.lamoutonnerie.fr\/wp-content\/uploads\/2026\/01\/bnb_image_34-300x225.jpeg 300w, https:\/\/www.lamoutonnerie.fr\/wp-content\/uploads\/2026\/01\/bnb_image_34-1024x768.jpeg 1024w, https:\/\/www.lamoutonnerie.fr\/wp-content\/uploads\/2026\/01\/bnb_image_34-768x576.jpeg 768w, https:\/\/www.lamoutonnerie.fr\/wp-content\/uploads\/2026\/01\/bnb_image_34-1536x1152.jpeg 1536w\" sizes=\"auto, (max-width: 2048px) 100vw, 2048px\" \/><\/figure>\n\n\n\n<figure class=\"wp-block-image size-large\"><img loading=\"lazy\" decoding=\"async\" width=\"2048\" height=\"1536\" data-id=\"28\" src=\"http:\/\/rotwgyk.cluster100.hosting.ovh.net\/wp-content\/uploads\/2026\/01\/bnb_image_32.jpeg?w=1024\" alt=\"\" class=\"wp-image-28\" srcset=\"https:\/\/www.lamoutonnerie.fr\/wp-content\/uploads\/2026\/01\/bnb_image_32.jpeg 2048w, https:\/\/www.lamoutonnerie.fr\/wp-content\/uploads\/2026\/01\/bnb_image_32-300x225.jpeg 300w, https:\/\/www.lamoutonnerie.fr\/wp-content\/uploads\/2026\/01\/bnb_image_32-1024x768.jpeg 1024w, https:\/\/www.lamoutonnerie.fr\/wp-content\/uploads\/2026\/01\/bnb_image_32-768x576.jpeg 768w, https:\/\/www.lamoutonnerie.fr\/wp-content\/uploads\/2026\/01\/bnb_image_32-1536x1152.jpeg 1536w\" sizes=\"auto, (max-width: 2048px) 100vw, 2048px\" \/><\/figure>\n<\/figure>\n\n\n\n<h2 class=\"wp-block-heading\">H\u00e9bergements<\/h2>\n\n\n\n<p>Maison d\u2019h\u00f4tes, h\u00e9bergement 12 \u00e0 15 personnes, salle de s\u00e9minaires, vid\u00e9oprojecteur, internet, cuisine, salle \u00e0 manger, salon, terrasses, barbecue. Possibilit\u00e9 livraison traiteur ou personne pour cuisiner sur place ou en gestion libre.<\/p>\n\n\n\n<figure class=\"wp-block-gallery has-nested-images columns-default is-cropped wp-block-gallery-2 is-layout-flex wp-block-gallery-is-layout-flex\">\n<figure class=\"wp-block-image size-large\"><img loading=\"lazy\" decoding=\"async\" width=\"1066\" height=\"800\" data-id=\"52\" src=\"http:\/\/rotwgyk.cluster100.hosting.ovh.net\/wp-content\/uploads\/2026\/01\/bnb_image_181.jpeg?w=1024\" alt=\"\" class=\"wp-image-52\" srcset=\"https:\/\/www.lamoutonnerie.fr\/wp-content\/uploads\/2026\/01\/bnb_image_181.jpeg 1066w, https:\/\/www.lamoutonnerie.fr\/wp-content\/uploads\/2026\/01\/bnb_image_181-300x225.jpeg 300w, https:\/\/www.lamoutonnerie.fr\/wp-content\/uploads\/2026\/01\/bnb_image_181-1024x768.jpeg 1024w, https:\/\/www.lamoutonnerie.fr\/wp-content\/uploads\/2026\/01\/bnb_image_181-768x576.jpeg 768w\" sizes=\"auto, (max-width: 1066px) 100vw, 1066px\" \/><\/figure>\n\n\n\n<figure class=\"wp-block-image size-large\"><img loading=\"lazy\" decoding=\"async\" width=\"1066\" height=\"800\" data-id=\"48\" src=\"http:\/\/rotwgyk.cluster100.hosting.ovh.net\/wp-content\/uploads\/2026\/01\/bnb_image_158.jpeg?w=1024\" alt=\"\" class=\"wp-image-48\" srcset=\"https:\/\/www.lamoutonnerie.fr\/wp-content\/uploads\/2026\/01\/bnb_image_158.jpeg 1066w, https:\/\/www.lamoutonnerie.fr\/wp-content\/uploads\/2026\/01\/bnb_image_158-300x225.jpeg 300w, https:\/\/www.lamoutonnerie.fr\/wp-content\/uploads\/2026\/01\/bnb_image_158-1024x768.jpeg 1024w, https:\/\/www.lamoutonnerie.fr\/wp-content\/uploads\/2026\/01\/bnb_image_158-768x576.jpeg 768w\" sizes=\"auto, (max-width: 1066px) 100vw, 1066px\" \/><\/figure>\n\n\n\n<figure class=\"wp-block-image size-large\"><img loading=\"lazy\" decoding=\"async\" width=\"990\" height=\"663\" data-id=\"38\" src=\"http:\/\/rotwgyk.cluster100.hosting.ovh.net\/wp-content\/uploads\/2026\/01\/bnb_image_109.jpeg?w=990\" alt=\"\" class=\"wp-image-38\" srcset=\"https:\/\/www.lamoutonnerie.fr\/wp-content\/uploads\/2026\/01\/bnb_image_109.jpeg 990w, https:\/\/www.lamoutonnerie.fr\/wp-content\/uploads\/2026\/01\/bnb_image_109-300x201.jpeg 300w, https:\/\/www.lamoutonnerie.fr\/wp-content\/uploads\/2026\/01\/bnb_image_109-768x514.jpeg 768w\" sizes=\"auto, (max-width: 990px) 100vw, 990px\" \/><\/figure>\n\n\n\n<figure class=\"wp-block-image size-large\"><img loading=\"lazy\" decoding=\"async\" width=\"2048\" height=\"1536\" data-id=\"39\" src=\"http:\/\/rotwgyk.cluster100.hosting.ovh.net\/wp-content\/uploads\/2026\/01\/bnb_image_110.jpeg?w=1024\" alt=\"\" class=\"wp-image-39\" srcset=\"https:\/\/www.lamoutonnerie.fr\/wp-content\/uploads\/2026\/01\/bnb_image_110.jpeg 2048w, https:\/\/www.lamoutonnerie.fr\/wp-content\/uploads\/2026\/01\/bnb_image_110-300x225.jpeg 300w, https:\/\/www.lamoutonnerie.fr\/wp-content\/uploads\/2026\/01\/bnb_image_110-1024x768.jpeg 1024w, https:\/\/www.lamoutonnerie.fr\/wp-content\/uploads\/2026\/01\/bnb_image_110-768x576.jpeg 768w, https:\/\/www.lamoutonnerie.fr\/wp-content\/uploads\/2026\/01\/bnb_image_110-1536x1152.jpeg 1536w\" sizes=\"auto, (max-width: 2048px) 100vw, 2048px\" \/><\/figure>\n\n\n\n<figure class=\"wp-block-image size-large\"><img loading=\"lazy\" decoding=\"async\" width=\"2048\" height=\"1536\" data-id=\"34\" src=\"http:\/\/rotwgyk.cluster100.hosting.ovh.net\/wp-content\/uploads\/2026\/01\/bnb_image_41.jpeg?w=1024\" alt=\"\" class=\"wp-image-34\" srcset=\"https:\/\/www.lamoutonnerie.fr\/wp-content\/uploads\/2026\/01\/bnb_image_41.jpeg 2048w, https:\/\/www.lamoutonnerie.fr\/wp-content\/uploads\/2026\/01\/bnb_image_41-300x225.jpeg 300w, https:\/\/www.lamoutonnerie.fr\/wp-content\/uploads\/2026\/01\/bnb_image_41-1024x768.jpeg 1024w, https:\/\/www.lamoutonnerie.fr\/wp-content\/uploads\/2026\/01\/bnb_image_41-768x576.jpeg 768w, https:\/\/www.lamoutonnerie.fr\/wp-content\/uploads\/2026\/01\/bnb_image_41-1536x1152.jpeg 1536w\" sizes=\"auto, (max-width: 2048px) 100vw, 2048px\" \/><\/figure>\n\n\n\n<figure class=\"wp-block-image size-large\"><img loading=\"lazy\" decoding=\"async\" width=\"2048\" height=\"1536\" data-id=\"33\" src=\"http:\/\/rotwgyk.cluster100.hosting.ovh.net\/wp-content\/uploads\/2026\/01\/bnb_image_40.jpeg?w=1024\" alt=\"\" class=\"wp-image-33\" srcset=\"https:\/\/www.lamoutonnerie.fr\/wp-content\/uploads\/2026\/01\/bnb_image_40.jpeg 2048w, https:\/\/www.lamoutonnerie.fr\/wp-content\/uploads\/2026\/01\/bnb_image_40-300x225.jpeg 300w, https:\/\/www.lamoutonnerie.fr\/wp-content\/uploads\/2026\/01\/bnb_image_40-1024x768.jpeg 1024w, https:\/\/www.lamoutonnerie.fr\/wp-content\/uploads\/2026\/01\/bnb_image_40-768x576.jpeg 768w, https:\/\/www.lamoutonnerie.fr\/wp-content\/uploads\/2026\/01\/bnb_image_40-1536x1152.jpeg 1536w\" sizes=\"auto, (max-width: 2048px) 100vw, 2048px\" \/><\/figure>\n\n\n\n<figure class=\"wp-block-image size-large\"><img loading=\"lazy\" decoding=\"async\" width=\"2048\" height=\"1536\" data-id=\"36\" src=\"http:\/\/rotwgyk.cluster100.hosting.ovh.net\/wp-content\/uploads\/2026\/01\/bnb_image_44.jpeg?w=1024\" alt=\"\" class=\"wp-image-36\" srcset=\"https:\/\/www.lamoutonnerie.fr\/wp-content\/uploads\/2026\/01\/bnb_image_44.jpeg 2048w, https:\/\/www.lamoutonnerie.fr\/wp-content\/uploads\/2026\/01\/bnb_image_44-300x225.jpeg 300w, https:\/\/www.lamoutonnerie.fr\/wp-content\/uploads\/2026\/01\/bnb_image_44-1024x768.jpeg 1024w, https:\/\/www.lamoutonnerie.fr\/wp-content\/uploads\/2026\/01\/bnb_image_44-768x576.jpeg 768w, https:\/\/www.lamoutonnerie.fr\/wp-content\/uploads\/2026\/01\/bnb_image_44-1536x1152.jpeg 1536w\" sizes=\"auto, (max-width: 2048px) 100vw, 2048px\" \/><\/figure>\n\n\n\n<figure class=\"wp-block-image size-large\"><img loading=\"lazy\" decoding=\"async\" width=\"2048\" height=\"1536\" data-id=\"50\" src=\"http:\/\/rotwgyk.cluster100.hosting.ovh.net\/wp-content\/uploads\/2026\/01\/bnb_image_160.jpeg?w=1024\" alt=\"\" class=\"wp-image-50\" srcset=\"https:\/\/www.lamoutonnerie.fr\/wp-content\/uploads\/2026\/01\/bnb_image_160.jpeg 2048w, https:\/\/www.lamoutonnerie.fr\/wp-content\/uploads\/2026\/01\/bnb_image_160-300x225.jpeg 300w, https:\/\/www.lamoutonnerie.fr\/wp-content\/uploads\/2026\/01\/bnb_image_160-1024x768.jpeg 1024w, https:\/\/www.lamoutonnerie.fr\/wp-content\/uploads\/2026\/01\/bnb_image_160-768x576.jpeg 768w, https:\/\/www.lamoutonnerie.fr\/wp-content\/uploads\/2026\/01\/bnb_image_160-1536x1152.jpeg 1536w\" sizes=\"auto, (max-width: 2048px) 100vw, 2048px\" \/><\/figure>\n\n\n\n<figure class=\"wp-block-image size-large\"><img loading=\"lazy\" decoding=\"async\" width=\"2048\" height=\"1536\" data-id=\"49\" src=\"http:\/\/rotwgyk.cluster100.hosting.ovh.net\/wp-content\/uploads\/2026\/01\/bnb_image_159.jpeg?w=1024\" alt=\"\" class=\"wp-image-49\" srcset=\"https:\/\/www.lamoutonnerie.fr\/wp-content\/uploads\/2026\/01\/bnb_image_159.jpeg 2048w, https:\/\/www.lamoutonnerie.fr\/wp-content\/uploads\/2026\/01\/bnb_image_159-300x225.jpeg 300w, https:\/\/www.lamoutonnerie.fr\/wp-content\/uploads\/2026\/01\/bnb_image_159-1024x768.jpeg 1024w, https:\/\/www.lamoutonnerie.fr\/wp-content\/uploads\/2026\/01\/bnb_image_159-768x576.jpeg 768w, https:\/\/www.lamoutonnerie.fr\/wp-content\/uploads\/2026\/01\/bnb_image_159-1536x1152.jpeg 1536w\" sizes=\"auto, (max-width: 2048px) 100vw, 2048px\" \/><\/figure>\n\n\n\n<figure class=\"wp-block-image size-large\"><img loading=\"lazy\" decoding=\"async\" width=\"2048\" height=\"1536\" data-id=\"46\" src=\"http:\/\/rotwgyk.cluster100.hosting.ovh.net\/wp-content\/uploads\/2026\/01\/bnb_image_136.jpeg?w=1024\" alt=\"\" class=\"wp-image-46\" srcset=\"https:\/\/www.lamoutonnerie.fr\/wp-content\/uploads\/2026\/01\/bnb_image_136.jpeg 2048w, https:\/\/www.lamoutonnerie.fr\/wp-content\/uploads\/2026\/01\/bnb_image_136-300x225.jpeg 300w, https:\/\/www.lamoutonnerie.fr\/wp-content\/uploads\/2026\/01\/bnb_image_136-1024x768.jpeg 1024w, https:\/\/www.lamoutonnerie.fr\/wp-content\/uploads\/2026\/01\/bnb_image_136-768x576.jpeg 768w, https:\/\/www.lamoutonnerie.fr\/wp-content\/uploads\/2026\/01\/bnb_image_136-1536x1152.jpeg 1536w\" sizes=\"auto, (max-width: 2048px) 100vw, 2048px\" \/><\/figure>\n\n\n\n<figure class=\"wp-block-image size-large\"><img loading=\"lazy\" decoding=\"async\" width=\"2048\" height=\"1536\" data-id=\"45\" src=\"http:\/\/rotwgyk.cluster100.hosting.ovh.net\/wp-content\/uploads\/2026\/01\/bnb_image_134.jpeg?w=1024\" alt=\"\" class=\"wp-image-45\" srcset=\"https:\/\/www.lamoutonnerie.fr\/wp-content\/uploads\/2026\/01\/bnb_image_134.jpeg 2048w, https:\/\/www.lamoutonnerie.fr\/wp-content\/uploads\/2026\/01\/bnb_image_134-300x225.jpeg 300w, https:\/\/www.lamoutonnerie.fr\/wp-content\/uploads\/2026\/01\/bnb_image_134-1024x768.jpeg 1024w, https:\/\/www.lamoutonnerie.fr\/wp-content\/uploads\/2026\/01\/bnb_image_134-768x576.jpeg 768w, https:\/\/www.lamoutonnerie.fr\/wp-content\/uploads\/2026\/01\/bnb_image_134-1536x1152.jpeg 1536w\" sizes=\"auto, (max-width: 2048px) 100vw, 2048px\" \/><\/figure>\n\n\n\n<figure class=\"wp-block-image size-large\"><img loading=\"lazy\" decoding=\"async\" width=\"1195\" height=\"800\" data-id=\"44\" src=\"http:\/\/rotwgyk.cluster100.hosting.ovh.net\/wp-content\/uploads\/2026\/01\/bnb_image_133.jpeg?w=1024\" alt=\"\" class=\"wp-image-44\" srcset=\"https:\/\/www.lamoutonnerie.fr\/wp-content\/uploads\/2026\/01\/bnb_image_133.jpeg 1195w, https:\/\/www.lamoutonnerie.fr\/wp-content\/uploads\/2026\/01\/bnb_image_133-300x201.jpeg 300w, https:\/\/www.lamoutonnerie.fr\/wp-content\/uploads\/2026\/01\/bnb_image_133-1024x686.jpeg 1024w, https:\/\/www.lamoutonnerie.fr\/wp-content\/uploads\/2026\/01\/bnb_image_133-768x514.jpeg 768w\" sizes=\"auto, (max-width: 1195px) 100vw, 1195px\" \/><\/figure>\n\n\n\n<figure class=\"wp-block-image size-large\"><img loading=\"lazy\" decoding=\"async\" width=\"2048\" height=\"1536\" data-id=\"35\" src=\"http:\/\/rotwgyk.cluster100.hosting.ovh.net\/wp-content\/uploads\/2026\/01\/bnb_image_43.jpeg?w=1024\" alt=\"\" class=\"wp-image-35\" srcset=\"https:\/\/www.lamoutonnerie.fr\/wp-content\/uploads\/2026\/01\/bnb_image_43.jpeg 2048w, https:\/\/www.lamoutonnerie.fr\/wp-content\/uploads\/2026\/01\/bnb_image_43-300x225.jpeg 300w, https:\/\/www.lamoutonnerie.fr\/wp-content\/uploads\/2026\/01\/bnb_image_43-1024x768.jpeg 1024w, https:\/\/www.lamoutonnerie.fr\/wp-content\/uploads\/2026\/01\/bnb_image_43-768x576.jpeg 768w, https:\/\/www.lamoutonnerie.fr\/wp-content\/uploads\/2026\/01\/bnb_image_43-1536x1152.jpeg 1536w\" sizes=\"auto, (max-width: 2048px) 100vw, 2048px\" \/><\/figure>\n\n\n\n<figure class=\"wp-block-image size-large\"><img loading=\"lazy\" decoding=\"async\" width=\"600\" height=\"800\" data-id=\"11\" src=\"http:\/\/rotwgyk.cluster100.hosting.ovh.net\/wp-content\/uploads\/2026\/01\/bnb_image_182.jpeg?w=600\" alt=\"\" class=\"wp-image-11\" srcset=\"https:\/\/www.lamoutonnerie.fr\/wp-content\/uploads\/2026\/01\/bnb_image_182.jpeg 600w, https:\/\/www.lamoutonnerie.fr\/wp-content\/uploads\/2026\/01\/bnb_image_182-225x300.jpeg 225w\" sizes=\"auto, (max-width: 600px) 100vw, 600px\" \/><\/figure>\n\n\n\n<figure class=\"wp-block-image size-large\"><img loading=\"lazy\" decoding=\"async\" width=\"2048\" height=\"1536\" data-id=\"41\" src=\"http:\/\/rotwgyk.cluster100.hosting.ovh.net\/wp-content\/uploads\/2026\/01\/bnb_image_112.jpeg?w=1024\" alt=\"\" class=\"wp-image-41\" srcset=\"https:\/\/www.lamoutonnerie.fr\/wp-content\/uploads\/2026\/01\/bnb_image_112.jpeg 2048w, https:\/\/www.lamoutonnerie.fr\/wp-content\/uploads\/2026\/01\/bnb_image_112-300x225.jpeg 300w, https:\/\/www.lamoutonnerie.fr\/wp-content\/uploads\/2026\/01\/bnb_image_112-1024x768.jpeg 1024w, https:\/\/www.lamoutonnerie.fr\/wp-content\/uploads\/2026\/01\/bnb_image_112-768x576.jpeg 768w, https:\/\/www.lamoutonnerie.fr\/wp-content\/uploads\/2026\/01\/bnb_image_112-1536x1152.jpeg 1536w\" sizes=\"auto, (max-width: 2048px) 100vw, 2048px\" \/><\/figure>\n\n\n\n<figure class=\"wp-block-image size-large\"><img loading=\"lazy\" decoding=\"async\" width=\"768\" height=\"1024\" data-id=\"291\" src=\"https:\/\/www.lamoutonnerie.fr\/wp-content\/uploads\/2026\/02\/bnb_image_113-768x1024.jpeg\" alt=\"\" class=\"wp-image-291\" srcset=\"https:\/\/www.lamoutonnerie.fr\/wp-content\/uploads\/2026\/02\/bnb_image_113-768x1024.jpeg 768w, https:\/\/www.lamoutonnerie.fr\/wp-content\/uploads\/2026\/02\/bnb_image_113-225x300.jpeg 225w, https:\/\/www.lamoutonnerie.fr\/wp-content\/uploads\/2026\/02\/bnb_image_113-1152x1536.jpeg 1152w, https:\/\/www.lamoutonnerie.fr\/wp-content\/uploads\/2026\/02\/bnb_image_113-1536x2048.jpeg 1536w, https:\/\/www.lamoutonnerie.fr\/wp-content\/uploads\/2026\/02\/bnb_image_113-scaled.jpeg 1920w\" sizes=\"auto, (max-width: 768px) 100vw, 768px\" \/><\/figure>\n\n\n\n<figure class=\"wp-block-image size-large\"><img loading=\"lazy\" decoding=\"async\" width=\"2048\" height=\"1536\" data-id=\"40\" src=\"http:\/\/rotwgyk.cluster100.hosting.ovh.net\/wp-content\/uploads\/2026\/01\/bnb_image_111.jpeg?w=1024\" alt=\"\" class=\"wp-image-40\" srcset=\"https:\/\/www.lamoutonnerie.fr\/wp-content\/uploads\/2026\/01\/bnb_image_111.jpeg 2048w, https:\/\/www.lamoutonnerie.fr\/wp-content\/uploads\/2026\/01\/bnb_image_111-300x225.jpeg 300w, https:\/\/www.lamoutonnerie.fr\/wp-content\/uploads\/2026\/01\/bnb_image_111-1024x768.jpeg 1024w, https:\/\/www.lamoutonnerie.fr\/wp-content\/uploads\/2026\/01\/bnb_image_111-768x576.jpeg 768w, https:\/\/www.lamoutonnerie.fr\/wp-content\/uploads\/2026\/01\/bnb_image_111-1536x1152.jpeg 1536w\" sizes=\"auto, (max-width: 2048px) 100vw, 2048px\" \/><\/figure>\n\n\n\n<figure class=\"wp-block-image size-large\"><img loading=\"lazy\" decoding=\"async\" width=\"2048\" height=\"1536\" data-id=\"53\" src=\"http:\/\/rotwgyk.cluster100.hosting.ovh.net\/wp-content\/uploads\/2026\/01\/bnb_image_184.jpeg?w=1024\" alt=\"\" class=\"wp-image-53\" srcset=\"https:\/\/www.lamoutonnerie.fr\/wp-content\/uploads\/2026\/01\/bnb_image_184.jpeg 2048w, https:\/\/www.lamoutonnerie.fr\/wp-content\/uploads\/2026\/01\/bnb_image_184-300x225.jpeg 300w, https:\/\/www.lamoutonnerie.fr\/wp-content\/uploads\/2026\/01\/bnb_image_184-1024x768.jpeg 1024w, https:\/\/www.lamoutonnerie.fr\/wp-content\/uploads\/2026\/01\/bnb_image_184-768x576.jpeg 768w, https:\/\/www.lamoutonnerie.fr\/wp-content\/uploads\/2026\/01\/bnb_image_184-1536x1152.jpeg 1536w\" sizes=\"auto, (max-width: 2048px) 100vw, 2048px\" \/><\/figure>\n<\/figure>\n","protected":false},"excerpt":{"rendered":"<p>Salle de s\u00e9minaire Salle 30 m\u00e8tres carr\u00e9s, avec ou sans tables et chaises. Acc\u00e8s internet et wifi, vid\u00e9oprojecteur, \u00e9cran, paperboard. H\u00e9bergements Maison d\u2019h\u00f4tes, h\u00e9bergement 12 \u00e0 15 personnes, salle de s\u00e9minaires, vid\u00e9oprojecteur, internet, cuisine, salle \u00e0 manger, salon, terrasses, barbecue. Possibilit\u00e9 livraison traiteur ou personne pour cuisiner sur place ou en gestion libre.<\/p>\n","protected":false},"author":1,"featured_media":0,"parent":0,"menu_order":0,"comment_status":"closed","ping_status":"closed","template":"","meta":{"footnotes":""},"class_list":["post-176","page","type-page","status-publish","hentry"],"_links":{"self":[{"href":"https:\/\/www.lamoutonnerie.fr\/index.php\/wp-json\/wp\/v2\/pages\/176","targetHints":{"allow":["GET"]}}],"collection":[{"href":"https:\/\/www.lamoutonnerie.fr\/index.php\/wp-json\/wp\/v2\/pages"}],"about":[{"href":"https:\/\/www.lamoutonnerie.fr\/index.php\/wp-json\/wp\/v2\/types\/page"}],"author":[{"embeddable":true,"href":"https:\/\/www.lamoutonnerie.fr\/index.php\/wp-json\/wp\/v2\/users\/1"}],"replies":[{"embeddable":true,"href":"https:\/\/www.lamoutonnerie.fr\/index.php\/wp-json\/wp\/v2\/comments?post=176"}],"version-history":[{"count":1,"href":"https:\/\/www.lamoutonnerie.fr\/index.php\/wp-json\/wp\/v2\/pages\/176\/revisions"}],"predecessor-version":[{"id":292,"href":"https:\/\/www.lamoutonnerie.fr\/index.php\/wp-json\/wp\/v2\/pages\/176\/revisions\/292"}],"wp:attachment":[{"href":"https:\/\/www.lamoutonnerie.fr\/index.php\/wp-json\/wp\/v2\/media?parent=176"}],"curies":[{"name":"wp","href":"https:\/\/api.w.org\/{rel}","templated":true}]}}