{"id":249,"date":"2026-02-27T09:22:16","date_gmt":"2026-02-27T09:22:16","guid":{"rendered":"https:\/\/www.lamoutonnerie.fr\/?page_id=249"},"modified":"2026-03-10T15:27:58","modified_gmt":"2026-03-10T15:27:58","slug":"acceuil","status":"publish","type":"page","link":"https:\/\/www.lamoutonnerie.fr\/","title":{"rendered":"La Moutonnerie"},"content":{"rendered":"\n<div class=\"wp-block-group alignfull has-global-padding is-content-justification-center is-layout-constrained wp-block-group-is-layout-constrained\" style=\"margin-top:0;margin-bottom:0\">\n<div class=\"wp-block-group alignwide is-layout-flow wp-block-group-is-layout-flow\">\n<div class=\"wp-block-group alignwide has-global-padding is-layout-constrained wp-block-group-is-layout-constrained\">\n<h3 class=\"wp-block-heading\" id=\"block-70b79659-4171-49eb-8589-f7866703a415\">Salle de s\u00e9minaire \u00e0 Bray en Sud Bourgogne<\/h3>\n<\/div>\n\n\n\n<div style=\"height:var(--wp--preset--spacing--20)\" aria-hidden=\"true\" class=\"wp-block-spacer\"><\/div>\n\n\n\n<figure class=\"wp-block-image size-large is-resized\"><img loading=\"lazy\" decoding=\"async\" width=\"1024\" height=\"683\" src=\"https:\/\/www.lamoutonnerie.fr\/wp-content\/uploads\/2026\/01\/bnb_image_103-1024x683.jpeg\" alt=\"\" class=\"wp-image-133\" style=\"aspect-ratio:1.7777777777777777;object-fit:cover;width:1208px;height:auto\" srcset=\"https:\/\/www.lamoutonnerie.fr\/wp-content\/uploads\/2026\/01\/bnb_image_103-1024x683.jpeg 1024w, https:\/\/www.lamoutonnerie.fr\/wp-content\/uploads\/2026\/01\/bnb_image_103-300x200.jpeg 300w, https:\/\/www.lamoutonnerie.fr\/wp-content\/uploads\/2026\/01\/bnb_image_103-768x512.jpeg 768w, https:\/\/www.lamoutonnerie.fr\/wp-content\/uploads\/2026\/01\/bnb_image_103-1536x1024.jpeg 1536w, https:\/\/www.lamoutonnerie.fr\/wp-content\/uploads\/2026\/01\/bnb_image_103.jpeg 2048w\" sizes=\"auto, (max-width: 1024px) 100vw, 1024px\" \/><\/figure>\n\n\n\n<div class=\"wp-block-columns alignwide is-layout-flex wp-container-core-columns-is-layout-d2da2050 wp-block-columns-is-layout-flex\" style=\"margin-bottom:0\">\n<div class=\"wp-block-column has-text-color has-background has-link-color wp-elements-81f41304e8d29a2c22c8c59cff35c07c is-layout-flow wp-block-column-is-layout-flow\" style=\"color:#000000;background-color:#d1d1e1;padding-top:2em;padding-right:2em;padding-bottom:2em;padding-left:2em\">\n<figure class=\"wp-block-image size-full\"><img loading=\"lazy\" decoding=\"async\" width=\"2048\" height=\"1536\" src=\"https:\/\/www.lamoutonnerie.fr\/wp-content\/uploads\/2026\/01\/bnb_image_37-1.jpeg\" alt=\"\" class=\"wp-image-9\" srcset=\"https:\/\/www.lamoutonnerie.fr\/wp-content\/uploads\/2026\/01\/bnb_image_37-1.jpeg 2048w, https:\/\/www.lamoutonnerie.fr\/wp-content\/uploads\/2026\/01\/bnb_image_37-1-300x225.jpeg 300w, https:\/\/www.lamoutonnerie.fr\/wp-content\/uploads\/2026\/01\/bnb_image_37-1-1024x768.jpeg 1024w, https:\/\/www.lamoutonnerie.fr\/wp-content\/uploads\/2026\/01\/bnb_image_37-1-768x576.jpeg 768w, https:\/\/www.lamoutonnerie.fr\/wp-content\/uploads\/2026\/01\/bnb_image_37-1-1536x1152.jpeg 1536w\" sizes=\"auto, (max-width: 2048px) 100vw, 2048px\" \/><\/figure>\n\n\n\n<h2 class=\"wp-block-heading\" id=\"family\" style=\"font-size:clamp(24.034px, 1.502rem + ((1vw - 3.2px) * 1.663), 40px);\"><strong><a href=\"https:\/\/lamoutonnerie.fr\/index.php\/mon-hebergement\/\" data-type=\"page\" data-id=\"157\">H\u00e9bergements<\/a><\/strong><\/h2>\n\n\n\n<hr class=\"wp-block-separator has-css-opacity is-style-wide\"\/>\n\n\n\n<ul class=\"wp-block-list has-normal-font-size\">\n<li>Suite familiale 1 | 2 chambres | 4 personnes | 3 lits\u00a0<\/li>\n\n\n\n<li>Suite familiale 2 | 2 chambres | 4 personnes | 3 lits\u00a0<\/li>\n\n\n\n<li>Chambre 3 ( PMR ) | 2 personnes | 2 lits<\/li>\n\n\n\n<li>Chambre 4 | 2 personnes | 1 lit<\/li>\n\n\n\n<li>Chambre 5 | 2 \u00e0 4 personnes | 3 lits<\/li>\n<\/ul>\n<\/div>\n\n\n\n<div class=\"wp-block-column has-text-color has-background has-link-color wp-elements-405ee809870688c8c129079f82be7cb9 is-layout-flow wp-block-column-is-layout-flow\" style=\"color:#000000;background-color:#d1d1e1;padding-top:2em;padding-right:2em;padding-bottom:2em;padding-left:2em\">\n<figure class=\"wp-block-image size-full\"><img loading=\"lazy\" decoding=\"async\" width=\"2048\" height=\"1536\" src=\"https:\/\/www.lamoutonnerie.fr\/wp-content\/uploads\/2026\/01\/bnb_image_229.jpeg\" alt=\"\" class=\"wp-image-126\" srcset=\"https:\/\/www.lamoutonnerie.fr\/wp-content\/uploads\/2026\/01\/bnb_image_229.jpeg 2048w, https:\/\/www.lamoutonnerie.fr\/wp-content\/uploads\/2026\/01\/bnb_image_229-300x225.jpeg 300w, https:\/\/www.lamoutonnerie.fr\/wp-content\/uploads\/2026\/01\/bnb_image_229-1024x768.jpeg 1024w, https:\/\/www.lamoutonnerie.fr\/wp-content\/uploads\/2026\/01\/bnb_image_229-768x576.jpeg 768w, https:\/\/www.lamoutonnerie.fr\/wp-content\/uploads\/2026\/01\/bnb_image_229-1536x1152.jpeg 1536w\" sizes=\"auto, (max-width: 2048px) 100vw, 2048px\" \/><\/figure>\n\n\n\n<h2 class=\"wp-block-heading\" id=\"family\" style=\"font-size:clamp(24.034px, 1.502rem + ((1vw - 3.2px) * 1.663), 40px);\"><strong><a href=\"https:\/\/lamoutonnerie.fr\/index.php\/mon-hebergement\/\" data-type=\"page\" data-id=\"157\"><\/a><a href=\"https:\/\/lamoutonnerie.fr\/index.php\/salle-de-seminaire\/\" data-type=\"page\" data-id=\"176\">Salle de s\u00e9minaire<\/a><\/strong><\/h2>\n\n\n\n<hr class=\"wp-block-separator has-css-opacity is-style-wide\"\/>\n<\/div>\n<\/div>\n<\/div>\n<\/div>\n","protected":false},"excerpt":{"rendered":"<p>Salle de s\u00e9minaire \u00e0 Bray en Sud Bourgogne H\u00e9bergements Salle de s\u00e9minaire<\/p>\n","protected":false},"author":1,"featured_media":0,"parent":0,"menu_order":0,"comment_status":"closed","ping_status":"closed","template":"","meta":{"footnotes":""},"class_list":["post-249","page","type-page","status-publish","hentry"],"_links":{"self":[{"href":"https:\/\/www.lamoutonnerie.fr\/index.php\/wp-json\/wp\/v2\/pages\/249","targetHints":{"allow":["GET"]}}],"collection":[{"href":"https:\/\/www.lamoutonnerie.fr\/index.php\/wp-json\/wp\/v2\/pages"}],"about":[{"href":"https:\/\/www.lamoutonnerie.fr\/index.php\/wp-json\/wp\/v2\/types\/page"}],"author":[{"embeddable":true,"href":"https:\/\/www.lamoutonnerie.fr\/index.php\/wp-json\/wp\/v2\/users\/1"}],"replies":[{"embeddable":true,"href":"https:\/\/www.lamoutonnerie.fr\/index.php\/wp-json\/wp\/v2\/comments?post=249"}],"version-history":[{"count":18,"href":"https:\/\/www.lamoutonnerie.fr\/index.php\/wp-json\/wp\/v2\/pages\/249\/revisions"}],"predecessor-version":[{"id":302,"href":"https:\/\/www.lamoutonnerie.fr\/index.php\/wp-json\/wp\/v2\/pages\/249\/revisions\/302"}],"wp:attachment":[{"href":"https:\/\/www.lamoutonnerie.fr\/index.php\/wp-json\/wp\/v2\/media?parent=249"}],"curies":[{"name":"wp","href":"https:\/\/api.w.org\/{rel}","templated":true}]}}